{"id":13487,"date":"2023-07-18T20:49:06","date_gmt":"2023-07-18T20:49:06","guid":{"rendered":"https:\/\/business.reobiztheme.com\/?page_id=13487"},"modified":"2025-10-06T15:10:24","modified_gmt":"2025-10-06T15:10:24","slug":"hizmetlerimiz","status":"publish","type":"page","link":"https:\/\/raybar.bardakcilargroup.com\/en\/hizmetlerimiz\/","title":{"rendered":"Our Service"},"content":{"rendered":"<div data-elementor-type=\"wp-page\" data-elementor-id=\"13487\" class=\"elementor elementor-13487\" data-elementor-post-type=\"page\">\n\t\t\t\t<div class=\"elementor-element elementor-element-c9b7b91 e-flex e-con-boxed e-con e-parent\" data-id=\"c9b7b91\" data-element_type=\"container\">\n\t\t\t\t\t<div class=\"e-con-inner\">\n\t\t\t\t<div class=\"elementor-element elementor-element-f560053 elementor-widget elementor-widget-text-editor\" data-id=\"f560053\" data-element_type=\"widget\" data-widget_type=\"text-editor.default\">\n\t\t\t\t<div class=\"elementor-widget-container\">\n\t\t\t\t\t\t\t\t\t<p>Raybar provides maintenance and repair services for locomotives, railcars, pipelines and tunnels, industrial facilities, station infrastructure, and transformer buildings, leveraging its technical expertise in the railway sector, highly experienced field team, and innovative approach.<br \/>Our Maintenance, Fault Control, and Intervention Team ensures uninterrupted system operation by providing fast, effective, and safe solutions to faults that may occur in the field. In addition, the maintenance, testing, and commissioning of fire suppression systems are also an important part of our service portfolio.<br \/>Our team has a wide range of expertise, from field engineers to software developers, project managers to administrative staff and technicians.<br \/>With our disciplined approach to work and end-to-end solution philosophy, we aim to ensure the seamless, safe, and efficient operation of railway systems. <\/p>\t\t\t\t\t\t\t\t<\/div>\n\t\t\t\t<\/div>\n\t\t\t\t\t<\/div>\n\t\t\t\t<\/div>\n\t\t<div class=\"elementor-element elementor-element-480ffe1 e-flex e-con-boxed e-con e-parent\" data-id=\"480ffe1\" data-element_type=\"container\">\n\t\t\t\t\t<div class=\"e-con-inner\">\n\t\t\t\t<div class=\"elementor-element elementor-element-7e2af03 gallery-spacing-custom elementor-invisible elementor-widget elementor-widget-image-gallery\" data-id=\"7e2af03\" data-element_type=\"widget\" data-settings=\"{&quot;_animation&quot;:&quot;fadeInDown&quot;}\" data-widget_type=\"image-gallery.default\">\n\t\t\t\t<div class=\"elementor-widget-container\">\n\t\t\t\t\t\t\t<div class=\"elementor-image-gallery\">\n\t\t\t<div id='gallery-1' class='gallery galleryid-13487 gallery-columns-4 gallery-size-full'><figure class='gallery-item'>\n\t\t\t<div class='gallery-icon landscape'>\n\t\t\t\t<a data-elementor-open-lightbox=\"yes\" data-elementor-lightbox-slideshow=\"7e2af03\" data-elementor-lightbox-title=\"14\" data-e-action-hash=\"#elementor-action%3Aaction%3Dlightbox%26settings%3DeyJpZCI6MTQyNzIsInVybCI6Imh0dHBzOlwvXC9yYXliYXIuYmFyZGFrY2lsYXJncm91cC5jb21cL3dwLWNvbnRlbnRcL3VwbG9hZHNcLzIwMjVcLzEwXC8xNC5qcGciLCJzbGlkZXNob3ciOiI3ZTJhZjAzIn0%3D\" href='https:\/\/raybar.bardakcilargroup.com\/wp-content\/uploads\/2025\/10\/14.jpg'><img fetchpriority=\"high\" decoding=\"async\" width=\"1485\" height=\"1485\" src=\"https:\/\/raybar.bardakcilargroup.com\/wp-content\/uploads\/2025\/10\/14.jpg\" class=\"attachment-full size-full\" alt=\"\" srcset=\"https:\/\/raybar.bardakcilargroup.com\/wp-content\/uploads\/2025\/10\/14.jpg 1485w, https:\/\/raybar.bardakcilargroup.com\/wp-content\/uploads\/2025\/10\/14-300x300.jpg 300w, https:\/\/raybar.bardakcilargroup.com\/wp-content\/uploads\/2025\/10\/14-1024x1024.jpg 1024w, https:\/\/raybar.bardakcilargroup.com\/wp-content\/uploads\/2025\/10\/14-150x150.jpg 150w, https:\/\/raybar.bardakcilargroup.com\/wp-content\/uploads\/2025\/10\/14-768x768.jpg 768w, https:\/\/raybar.bardakcilargroup.com\/wp-content\/uploads\/2025\/10\/14-500x500.jpg 500w, https:\/\/raybar.bardakcilargroup.com\/wp-content\/uploads\/2025\/10\/14-600x600.jpg 600w, https:\/\/raybar.bardakcilargroup.com\/wp-content\/uploads\/2025\/10\/14-100x100.jpg 100w\" sizes=\"(max-width: 1485px) 100vw, 1485px\" \/><\/a>\n\t\t\t<\/div><\/figure><figure class='gallery-item'>\n\t\t\t<div class='gallery-icon landscape'>\n\t\t\t\t<a data-elementor-open-lightbox=\"yes\" data-elementor-lightbox-slideshow=\"7e2af03\" data-elementor-lightbox-title=\"13\" data-e-action-hash=\"#elementor-action%3Aaction%3Dlightbox%26settings%3DeyJpZCI6MTQyNzEsInVybCI6Imh0dHBzOlwvXC9yYXliYXIuYmFyZGFrY2lsYXJncm91cC5jb21cL3dwLWNvbnRlbnRcL3VwbG9hZHNcLzIwMjVcLzEwXC8xMy5qcGciLCJzbGlkZXNob3ciOiI3ZTJhZjAzIn0%3D\" href='https:\/\/raybar.bardakcilargroup.com\/wp-content\/uploads\/2025\/10\/13.jpg'><img decoding=\"async\" width=\"1485\" height=\"1485\" src=\"https:\/\/raybar.bardakcilargroup.com\/wp-content\/uploads\/2025\/10\/13.jpg\" class=\"attachment-full size-full\" alt=\"\" srcset=\"https:\/\/raybar.bardakcilargroup.com\/wp-content\/uploads\/2025\/10\/13.jpg 1485w, https:\/\/raybar.bardakcilargroup.com\/wp-content\/uploads\/2025\/10\/13-300x300.jpg 300w, https:\/\/raybar.bardakcilargroup.com\/wp-content\/uploads\/2025\/10\/13-1024x1024.jpg 1024w, https:\/\/raybar.bardakcilargroup.com\/wp-content\/uploads\/2025\/10\/13-150x150.jpg 150w, https:\/\/raybar.bardakcilargroup.com\/wp-content\/uploads\/2025\/10\/13-768x768.jpg 768w, https:\/\/raybar.bardakcilargroup.com\/wp-content\/uploads\/2025\/10\/13-500x500.jpg 500w, https:\/\/raybar.bardakcilargroup.com\/wp-content\/uploads\/2025\/10\/13-600x600.jpg 600w, https:\/\/raybar.bardakcilargroup.com\/wp-content\/uploads\/2025\/10\/13-100x100.jpg 100w\" sizes=\"(max-width: 1485px) 100vw, 1485px\" \/><\/a>\n\t\t\t<\/div><\/figure><figure class='gallery-item'>\n\t\t\t<div class='gallery-icon landscape'>\n\t\t\t\t<a data-elementor-open-lightbox=\"yes\" data-elementor-lightbox-slideshow=\"7e2af03\" data-elementor-lightbox-title=\"12\" data-e-action-hash=\"#elementor-action%3Aaction%3Dlightbox%26settings%3DeyJpZCI6MTQyNzAsInVybCI6Imh0dHBzOlwvXC9yYXliYXIuYmFyZGFrY2lsYXJncm91cC5jb21cL3dwLWNvbnRlbnRcL3VwbG9hZHNcLzIwMjVcLzEwXC8xMi5qcGciLCJzbGlkZXNob3ciOiI3ZTJhZjAzIn0%3D\" href='https:\/\/raybar.bardakcilargroup.com\/wp-content\/uploads\/2025\/10\/12.jpg'><img decoding=\"async\" width=\"1485\" height=\"1485\" src=\"https:\/\/raybar.bardakcilargroup.com\/wp-content\/uploads\/2025\/10\/12.jpg\" class=\"attachment-full size-full\" alt=\"\" srcset=\"https:\/\/raybar.bardakcilargroup.com\/wp-content\/uploads\/2025\/10\/12.jpg 1485w, https:\/\/raybar.bardakcilargroup.com\/wp-content\/uploads\/2025\/10\/12-300x300.jpg 300w, https:\/\/raybar.bardakcilargroup.com\/wp-content\/uploads\/2025\/10\/12-1024x1024.jpg 1024w, https:\/\/raybar.bardakcilargroup.com\/wp-content\/uploads\/2025\/10\/12-150x150.jpg 150w, https:\/\/raybar.bardakcilargroup.com\/wp-content\/uploads\/2025\/10\/12-768x768.jpg 768w, https:\/\/raybar.bardakcilargroup.com\/wp-content\/uploads\/2025\/10\/12-500x500.jpg 500w, https:\/\/raybar.bardakcilargroup.com\/wp-content\/uploads\/2025\/10\/12-600x600.jpg 600w, https:\/\/raybar.bardakcilargroup.com\/wp-content\/uploads\/2025\/10\/12-100x100.jpg 100w\" sizes=\"(max-width: 1485px) 100vw, 1485px\" \/><\/a>\n\t\t\t<\/div><\/figure><figure class='gallery-item'>\n\t\t\t<div class='gallery-icon landscape'>\n\t\t\t\t<a data-elementor-open-lightbox=\"yes\" data-elementor-lightbox-slideshow=\"7e2af03\" data-elementor-lightbox-title=\"11\" data-e-action-hash=\"#elementor-action%3Aaction%3Dlightbox%26settings%3DeyJpZCI6MTQyNjksInVybCI6Imh0dHBzOlwvXC9yYXliYXIuYmFyZGFrY2lsYXJncm91cC5jb21cL3dwLWNvbnRlbnRcL3VwbG9hZHNcLzIwMjVcLzEwXC8xMS5qcGciLCJzbGlkZXNob3ciOiI3ZTJhZjAzIn0%3D\" href='https:\/\/raybar.bardakcilargroup.com\/wp-content\/uploads\/2025\/10\/11.jpg'><img loading=\"lazy\" decoding=\"async\" width=\"1485\" height=\"1485\" src=\"https:\/\/raybar.bardakcilargroup.com\/wp-content\/uploads\/2025\/10\/11.jpg\" class=\"attachment-full size-full\" alt=\"\" srcset=\"https:\/\/raybar.bardakcilargroup.com\/wp-content\/uploads\/2025\/10\/11.jpg 1485w, https:\/\/raybar.bardakcilargroup.com\/wp-content\/uploads\/2025\/10\/11-300x300.jpg 300w, https:\/\/raybar.bardakcilargroup.com\/wp-content\/uploads\/2025\/10\/11-1024x1024.jpg 1024w, https:\/\/raybar.bardakcilargroup.com\/wp-content\/uploads\/2025\/10\/11-150x150.jpg 150w, https:\/\/raybar.bardakcilargroup.com\/wp-content\/uploads\/2025\/10\/11-768x768.jpg 768w, https:\/\/raybar.bardakcilargroup.com\/wp-content\/uploads\/2025\/10\/11-500x500.jpg 500w, https:\/\/raybar.bardakcilargroup.com\/wp-content\/uploads\/2025\/10\/11-600x600.jpg 600w, https:\/\/raybar.bardakcilargroup.com\/wp-content\/uploads\/2025\/10\/11-100x100.jpg 100w\" sizes=\"(max-width: 1485px) 100vw, 1485px\" \/><\/a>\n\t\t\t<\/div><\/figure><figure class='gallery-item'>\n\t\t\t<div class='gallery-icon landscape'>\n\t\t\t\t<a data-elementor-open-lightbox=\"yes\" data-elementor-lightbox-slideshow=\"7e2af03\" data-elementor-lightbox-title=\"10\" data-e-action-hash=\"#elementor-action%3Aaction%3Dlightbox%26settings%3DeyJpZCI6MTQyNjgsInVybCI6Imh0dHBzOlwvXC9yYXliYXIuYmFyZGFrY2lsYXJncm91cC5jb21cL3dwLWNvbnRlbnRcL3VwbG9hZHNcLzIwMjVcLzEwXC8xMC5qcGciLCJzbGlkZXNob3ciOiI3ZTJhZjAzIn0%3D\" href='https:\/\/raybar.bardakcilargroup.com\/wp-content\/uploads\/2025\/10\/10.jpg'><img loading=\"lazy\" decoding=\"async\" width=\"1485\" height=\"1485\" src=\"https:\/\/raybar.bardakcilargroup.com\/wp-content\/uploads\/2025\/10\/10.jpg\" class=\"attachment-full size-full\" alt=\"\" srcset=\"https:\/\/raybar.bardakcilargroup.com\/wp-content\/uploads\/2025\/10\/10.jpg 1485w, https:\/\/raybar.bardakcilargroup.com\/wp-content\/uploads\/2025\/10\/10-300x300.jpg 300w, https:\/\/raybar.bardakcilargroup.com\/wp-content\/uploads\/2025\/10\/10-1024x1024.jpg 1024w, https:\/\/raybar.bardakcilargroup.com\/wp-content\/uploads\/2025\/10\/10-150x150.jpg 150w, https:\/\/raybar.bardakcilargroup.com\/wp-content\/uploads\/2025\/10\/10-768x768.jpg 768w, https:\/\/raybar.bardakcilargroup.com\/wp-content\/uploads\/2025\/10\/10-500x500.jpg 500w, https:\/\/raybar.bardakcilargroup.com\/wp-content\/uploads\/2025\/10\/10-600x600.jpg 600w, https:\/\/raybar.bardakcilargroup.com\/wp-content\/uploads\/2025\/10\/10-100x100.jpg 100w\" sizes=\"(max-width: 1485px) 100vw, 1485px\" \/><\/a>\n\t\t\t<\/div><\/figure><figure class='gallery-item'>\n\t\t\t<div class='gallery-icon landscape'>\n\t\t\t\t<a data-elementor-open-lightbox=\"yes\" data-elementor-lightbox-slideshow=\"7e2af03\" data-elementor-lightbox-title=\"9\" data-e-action-hash=\"#elementor-action%3Aaction%3Dlightbox%26settings%3DeyJpZCI6MTQyNjcsInVybCI6Imh0dHBzOlwvXC9yYXliYXIuYmFyZGFrY2lsYXJncm91cC5jb21cL3dwLWNvbnRlbnRcL3VwbG9hZHNcLzIwMjVcLzEwXC85LmpwZyIsInNsaWRlc2hvdyI6IjdlMmFmMDMifQ%3D%3D\" href='https:\/\/raybar.bardakcilargroup.com\/wp-content\/uploads\/2025\/10\/9.jpg'><img loading=\"lazy\" decoding=\"async\" width=\"1485\" height=\"1485\" src=\"https:\/\/raybar.bardakcilargroup.com\/wp-content\/uploads\/2025\/10\/9.jpg\" class=\"attachment-full size-full\" alt=\"\" srcset=\"https:\/\/raybar.bardakcilargroup.com\/wp-content\/uploads\/2025\/10\/9.jpg 1485w, https:\/\/raybar.bardakcilargroup.com\/wp-content\/uploads\/2025\/10\/9-300x300.jpg 300w, https:\/\/raybar.bardakcilargroup.com\/wp-content\/uploads\/2025\/10\/9-1024x1024.jpg 1024w, https:\/\/raybar.bardakcilargroup.com\/wp-content\/uploads\/2025\/10\/9-150x150.jpg 150w, https:\/\/raybar.bardakcilargroup.com\/wp-content\/uploads\/2025\/10\/9-768x768.jpg 768w, https:\/\/raybar.bardakcilargroup.com\/wp-content\/uploads\/2025\/10\/9-500x500.jpg 500w, https:\/\/raybar.bardakcilargroup.com\/wp-content\/uploads\/2025\/10\/9-600x600.jpg 600w, https:\/\/raybar.bardakcilargroup.com\/wp-content\/uploads\/2025\/10\/9-100x100.jpg 100w\" sizes=\"(max-width: 1485px) 100vw, 1485px\" \/><\/a>\n\t\t\t<\/div><\/figure><figure class='gallery-item'>\n\t\t\t<div class='gallery-icon landscape'>\n\t\t\t\t<a data-elementor-open-lightbox=\"yes\" data-elementor-lightbox-slideshow=\"7e2af03\" data-elementor-lightbox-title=\"8\" data-e-action-hash=\"#elementor-action%3Aaction%3Dlightbox%26settings%3DeyJpZCI6MTQyNjYsInVybCI6Imh0dHBzOlwvXC9yYXliYXIuYmFyZGFrY2lsYXJncm91cC5jb21cL3dwLWNvbnRlbnRcL3VwbG9hZHNcLzIwMjVcLzEwXC84LmpwZyIsInNsaWRlc2hvdyI6IjdlMmFmMDMifQ%3D%3D\" href='https:\/\/raybar.bardakcilargroup.com\/wp-content\/uploads\/2025\/10\/8.jpg'><img loading=\"lazy\" decoding=\"async\" width=\"1485\" height=\"1485\" src=\"https:\/\/raybar.bardakcilargroup.com\/wp-content\/uploads\/2025\/10\/8.jpg\" class=\"attachment-full size-full\" alt=\"\" srcset=\"https:\/\/raybar.bardakcilargroup.com\/wp-content\/uploads\/2025\/10\/8.jpg 1485w, https:\/\/raybar.bardakcilargroup.com\/wp-content\/uploads\/2025\/10\/8-300x300.jpg 300w, https:\/\/raybar.bardakcilargroup.com\/wp-content\/uploads\/2025\/10\/8-1024x1024.jpg 1024w, https:\/\/raybar.bardakcilargroup.com\/wp-content\/uploads\/2025\/10\/8-150x150.jpg 150w, https:\/\/raybar.bardakcilargroup.com\/wp-content\/uploads\/2025\/10\/8-768x768.jpg 768w, https:\/\/raybar.bardakcilargroup.com\/wp-content\/uploads\/2025\/10\/8-500x500.jpg 500w, https:\/\/raybar.bardakcilargroup.com\/wp-content\/uploads\/2025\/10\/8-600x600.jpg 600w, https:\/\/raybar.bardakcilargroup.com\/wp-content\/uploads\/2025\/10\/8-100x100.jpg 100w\" sizes=\"(max-width: 1485px) 100vw, 1485px\" \/><\/a>\n\t\t\t<\/div><\/figure><figure class='gallery-item'>\n\t\t\t<div class='gallery-icon landscape'>\n\t\t\t\t<a data-elementor-open-lightbox=\"yes\" data-elementor-lightbox-slideshow=\"7e2af03\" data-elementor-lightbox-title=\"7\" data-e-action-hash=\"#elementor-action%3Aaction%3Dlightbox%26settings%3DeyJpZCI6MTQyNjUsInVybCI6Imh0dHBzOlwvXC9yYXliYXIuYmFyZGFrY2lsYXJncm91cC5jb21cL3dwLWNvbnRlbnRcL3VwbG9hZHNcLzIwMjVcLzEwXC83LmpwZyIsInNsaWRlc2hvdyI6IjdlMmFmMDMifQ%3D%3D\" href='https:\/\/raybar.bardakcilargroup.com\/wp-content\/uploads\/2025\/10\/7.jpg'><img loading=\"lazy\" decoding=\"async\" width=\"1485\" height=\"1485\" src=\"https:\/\/raybar.bardakcilargroup.com\/wp-content\/uploads\/2025\/10\/7.jpg\" class=\"attachment-full size-full\" alt=\"\" srcset=\"https:\/\/raybar.bardakcilargroup.com\/wp-content\/uploads\/2025\/10\/7.jpg 1485w, https:\/\/raybar.bardakcilargroup.com\/wp-content\/uploads\/2025\/10\/7-300x300.jpg 300w, https:\/\/raybar.bardakcilargroup.com\/wp-content\/uploads\/2025\/10\/7-1024x1024.jpg 1024w, https:\/\/raybar.bardakcilargroup.com\/wp-content\/uploads\/2025\/10\/7-150x150.jpg 150w, https:\/\/raybar.bardakcilargroup.com\/wp-content\/uploads\/2025\/10\/7-768x768.jpg 768w, https:\/\/raybar.bardakcilargroup.com\/wp-content\/uploads\/2025\/10\/7-500x500.jpg 500w, https:\/\/raybar.bardakcilargroup.com\/wp-content\/uploads\/2025\/10\/7-600x600.jpg 600w, https:\/\/raybar.bardakcilargroup.com\/wp-content\/uploads\/2025\/10\/7-100x100.jpg 100w\" sizes=\"(max-width: 1485px) 100vw, 1485px\" \/><\/a>\n\t\t\t<\/div><\/figure><figure class='gallery-item'>\n\t\t\t<div class='gallery-icon landscape'>\n\t\t\t\t<a data-elementor-open-lightbox=\"yes\" data-elementor-lightbox-slideshow=\"7e2af03\" data-elementor-lightbox-title=\"1\" data-e-action-hash=\"#elementor-action%3Aaction%3Dlightbox%26settings%3DeyJpZCI6MTQyNTksInVybCI6Imh0dHBzOlwvXC9yYXliYXIuYmFyZGFrY2lsYXJncm91cC5jb21cL3dwLWNvbnRlbnRcL3VwbG9hZHNcLzIwMjVcLzEwXC8xLmpwZyIsInNsaWRlc2hvdyI6IjdlMmFmMDMifQ%3D%3D\" href='https:\/\/raybar.bardakcilargroup.com\/wp-content\/uploads\/2025\/10\/1.jpg'><img loading=\"lazy\" decoding=\"async\" width=\"1485\" height=\"1485\" src=\"https:\/\/raybar.bardakcilargroup.com\/wp-content\/uploads\/2025\/10\/1.jpg\" class=\"attachment-full size-full\" alt=\"\" srcset=\"https:\/\/raybar.bardakcilargroup.com\/wp-content\/uploads\/2025\/10\/1.jpg 1485w, https:\/\/raybar.bardakcilargroup.com\/wp-content\/uploads\/2025\/10\/1-300x300.jpg 300w, https:\/\/raybar.bardakcilargroup.com\/wp-content\/uploads\/2025\/10\/1-1024x1024.jpg 1024w, https:\/\/raybar.bardakcilargroup.com\/wp-content\/uploads\/2025\/10\/1-150x150.jpg 150w, https:\/\/raybar.bardakcilargroup.com\/wp-content\/uploads\/2025\/10\/1-768x768.jpg 768w, https:\/\/raybar.bardakcilargroup.com\/wp-content\/uploads\/2025\/10\/1-500x500.jpg 500w, https:\/\/raybar.bardakcilargroup.com\/wp-content\/uploads\/2025\/10\/1-600x600.jpg 600w, https:\/\/raybar.bardakcilargroup.com\/wp-content\/uploads\/2025\/10\/1-100x100.jpg 100w\" sizes=\"(max-width: 1485px) 100vw, 1485px\" \/><\/a>\n\t\t\t<\/div><\/figure><figure class='gallery-item'>\n\t\t\t<div class='gallery-icon landscape'>\n\t\t\t\t<a data-elementor-open-lightbox=\"yes\" data-elementor-lightbox-slideshow=\"7e2af03\" data-elementor-lightbox-title=\"2\" data-e-action-hash=\"#elementor-action%3Aaction%3Dlightbox%26settings%3DeyJpZCI6MTQyNjAsInVybCI6Imh0dHBzOlwvXC9yYXliYXIuYmFyZGFrY2lsYXJncm91cC5jb21cL3dwLWNvbnRlbnRcL3VwbG9hZHNcLzIwMjVcLzEwXC8yLmpwZyIsInNsaWRlc2hvdyI6IjdlMmFmMDMifQ%3D%3D\" href='https:\/\/raybar.bardakcilargroup.com\/wp-content\/uploads\/2025\/10\/2.jpg'><img loading=\"lazy\" decoding=\"async\" width=\"1485\" height=\"1485\" src=\"https:\/\/raybar.bardakcilargroup.com\/wp-content\/uploads\/2025\/10\/2.jpg\" class=\"attachment-full size-full\" alt=\"\" srcset=\"https:\/\/raybar.bardakcilargroup.com\/wp-content\/uploads\/2025\/10\/2.jpg 1485w, https:\/\/raybar.bardakcilargroup.com\/wp-content\/uploads\/2025\/10\/2-300x300.jpg 300w, https:\/\/raybar.bardakcilargroup.com\/wp-content\/uploads\/2025\/10\/2-1024x1024.jpg 1024w, https:\/\/raybar.bardakcilargroup.com\/wp-content\/uploads\/2025\/10\/2-150x150.jpg 150w, https:\/\/raybar.bardakcilargroup.com\/wp-content\/uploads\/2025\/10\/2-768x768.jpg 768w, https:\/\/raybar.bardakcilargroup.com\/wp-content\/uploads\/2025\/10\/2-500x500.jpg 500w, https:\/\/raybar.bardakcilargroup.com\/wp-content\/uploads\/2025\/10\/2-600x600.jpg 600w, https:\/\/raybar.bardakcilargroup.com\/wp-content\/uploads\/2025\/10\/2-100x100.jpg 100w\" sizes=\"(max-width: 1485px) 100vw, 1485px\" \/><\/a>\n\t\t\t<\/div><\/figure><figure class='gallery-item'>\n\t\t\t<div class='gallery-icon landscape'>\n\t\t\t\t<a data-elementor-open-lightbox=\"yes\" data-elementor-lightbox-slideshow=\"7e2af03\" data-elementor-lightbox-title=\"3\" data-e-action-hash=\"#elementor-action%3Aaction%3Dlightbox%26settings%3DeyJpZCI6MTQyNjEsInVybCI6Imh0dHBzOlwvXC9yYXliYXIuYmFyZGFrY2lsYXJncm91cC5jb21cL3dwLWNvbnRlbnRcL3VwbG9hZHNcLzIwMjVcLzEwXC8zLmpwZyIsInNsaWRlc2hvdyI6IjdlMmFmMDMifQ%3D%3D\" href='https:\/\/raybar.bardakcilargroup.com\/wp-content\/uploads\/2025\/10\/3.jpg'><img loading=\"lazy\" decoding=\"async\" width=\"1485\" height=\"1485\" src=\"https:\/\/raybar.bardakcilargroup.com\/wp-content\/uploads\/2025\/10\/3.jpg\" class=\"attachment-full size-full\" alt=\"\" srcset=\"https:\/\/raybar.bardakcilargroup.com\/wp-content\/uploads\/2025\/10\/3.jpg 1485w, https:\/\/raybar.bardakcilargroup.com\/wp-content\/uploads\/2025\/10\/3-300x300.jpg 300w, https:\/\/raybar.bardakcilargroup.com\/wp-content\/uploads\/2025\/10\/3-1024x1024.jpg 1024w, https:\/\/raybar.bardakcilargroup.com\/wp-content\/uploads\/2025\/10\/3-150x150.jpg 150w, https:\/\/raybar.bardakcilargroup.com\/wp-content\/uploads\/2025\/10\/3-768x768.jpg 768w, https:\/\/raybar.bardakcilargroup.com\/wp-content\/uploads\/2025\/10\/3-500x500.jpg 500w, https:\/\/raybar.bardakcilargroup.com\/wp-content\/uploads\/2025\/10\/3-600x600.jpg 600w, https:\/\/raybar.bardakcilargroup.com\/wp-content\/uploads\/2025\/10\/3-100x100.jpg 100w\" sizes=\"(max-width: 1485px) 100vw, 1485px\" \/><\/a>\n\t\t\t<\/div><\/figure><figure class='gallery-item'>\n\t\t\t<div class='gallery-icon landscape'>\n\t\t\t\t<a data-elementor-open-lightbox=\"yes\" data-elementor-lightbox-slideshow=\"7e2af03\" data-elementor-lightbox-title=\"4\" data-e-action-hash=\"#elementor-action%3Aaction%3Dlightbox%26settings%3DeyJpZCI6MTQyNjIsInVybCI6Imh0dHBzOlwvXC9yYXliYXIuYmFyZGFrY2lsYXJncm91cC5jb21cL3dwLWNvbnRlbnRcL3VwbG9hZHNcLzIwMjVcLzEwXC80LmpwZyIsInNsaWRlc2hvdyI6IjdlMmFmMDMifQ%3D%3D\" href='https:\/\/raybar.bardakcilargroup.com\/wp-content\/uploads\/2025\/10\/4.jpg'><img loading=\"lazy\" decoding=\"async\" width=\"1485\" height=\"1485\" src=\"https:\/\/raybar.bardakcilargroup.com\/wp-content\/uploads\/2025\/10\/4.jpg\" class=\"attachment-full size-full\" alt=\"\" srcset=\"https:\/\/raybar.bardakcilargroup.com\/wp-content\/uploads\/2025\/10\/4.jpg 1485w, https:\/\/raybar.bardakcilargroup.com\/wp-content\/uploads\/2025\/10\/4-300x300.jpg 300w, https:\/\/raybar.bardakcilargroup.com\/wp-content\/uploads\/2025\/10\/4-1024x1024.jpg 1024w, https:\/\/raybar.bardakcilargroup.com\/wp-content\/uploads\/2025\/10\/4-150x150.jpg 150w, https:\/\/raybar.bardakcilargroup.com\/wp-content\/uploads\/2025\/10\/4-768x768.jpg 768w, https:\/\/raybar.bardakcilargroup.com\/wp-content\/uploads\/2025\/10\/4-500x500.jpg 500w, https:\/\/raybar.bardakcilargroup.com\/wp-content\/uploads\/2025\/10\/4-600x600.jpg 600w, https:\/\/raybar.bardakcilargroup.com\/wp-content\/uploads\/2025\/10\/4-100x100.jpg 100w\" sizes=\"(max-width: 1485px) 100vw, 1485px\" \/><\/a>\n\t\t\t<\/div><\/figure><figure class='gallery-item'>\n\t\t\t<div class='gallery-icon landscape'>\n\t\t\t\t<a data-elementor-open-lightbox=\"yes\" data-elementor-lightbox-slideshow=\"7e2af03\" data-elementor-lightbox-title=\"5\" data-e-action-hash=\"#elementor-action%3Aaction%3Dlightbox%26settings%3DeyJpZCI6MTQyNjMsInVybCI6Imh0dHBzOlwvXC9yYXliYXIuYmFyZGFrY2lsYXJncm91cC5jb21cL3dwLWNvbnRlbnRcL3VwbG9hZHNcLzIwMjVcLzEwXC81LmpwZyIsInNsaWRlc2hvdyI6IjdlMmFmMDMifQ%3D%3D\" href='https:\/\/raybar.bardakcilargroup.com\/wp-content\/uploads\/2025\/10\/5.jpg'><img loading=\"lazy\" decoding=\"async\" width=\"1485\" height=\"1485\" src=\"https:\/\/raybar.bardakcilargroup.com\/wp-content\/uploads\/2025\/10\/5.jpg\" class=\"attachment-full size-full\" alt=\"\" srcset=\"https:\/\/raybar.bardakcilargroup.com\/wp-content\/uploads\/2025\/10\/5.jpg 1485w, https:\/\/raybar.bardakcilargroup.com\/wp-content\/uploads\/2025\/10\/5-300x300.jpg 300w, https:\/\/raybar.bardakcilargroup.com\/wp-content\/uploads\/2025\/10\/5-1024x1024.jpg 1024w, https:\/\/raybar.bardakcilargroup.com\/wp-content\/uploads\/2025\/10\/5-150x150.jpg 150w, https:\/\/raybar.bardakcilargroup.com\/wp-content\/uploads\/2025\/10\/5-768x768.jpg 768w, https:\/\/raybar.bardakcilargroup.com\/wp-content\/uploads\/2025\/10\/5-500x500.jpg 500w, https:\/\/raybar.bardakcilargroup.com\/wp-content\/uploads\/2025\/10\/5-600x600.jpg 600w, https:\/\/raybar.bardakcilargroup.com\/wp-content\/uploads\/2025\/10\/5-100x100.jpg 100w\" sizes=\"(max-width: 1485px) 100vw, 1485px\" \/><\/a>\n\t\t\t<\/div><\/figure><figure class='gallery-item'>\n\t\t\t<div class='gallery-icon landscape'>\n\t\t\t\t<a data-elementor-open-lightbox=\"yes\" data-elementor-lightbox-slideshow=\"7e2af03\" data-elementor-lightbox-title=\"6\" data-e-action-hash=\"#elementor-action%3Aaction%3Dlightbox%26settings%3DeyJpZCI6MTQyNjQsInVybCI6Imh0dHBzOlwvXC9yYXliYXIuYmFyZGFrY2lsYXJncm91cC5jb21cL3dwLWNvbnRlbnRcL3VwbG9hZHNcLzIwMjVcLzEwXC82LmpwZyIsInNsaWRlc2hvdyI6IjdlMmFmMDMifQ%3D%3D\" href='https:\/\/raybar.bardakcilargroup.com\/wp-content\/uploads\/2025\/10\/6.jpg'><img loading=\"lazy\" decoding=\"async\" width=\"1485\" height=\"1485\" src=\"https:\/\/raybar.bardakcilargroup.com\/wp-content\/uploads\/2025\/10\/6.jpg\" class=\"attachment-full size-full\" alt=\"\" srcset=\"https:\/\/raybar.bardakcilargroup.com\/wp-content\/uploads\/2025\/10\/6.jpg 1485w, https:\/\/raybar.bardakcilargroup.com\/wp-content\/uploads\/2025\/10\/6-300x300.jpg 300w, https:\/\/raybar.bardakcilargroup.com\/wp-content\/uploads\/2025\/10\/6-1024x1024.jpg 1024w, https:\/\/raybar.bardakcilargroup.com\/wp-content\/uploads\/2025\/10\/6-150x150.jpg 150w, https:\/\/raybar.bardakcilargroup.com\/wp-content\/uploads\/2025\/10\/6-768x768.jpg 768w, https:\/\/raybar.bardakcilargroup.com\/wp-content\/uploads\/2025\/10\/6-500x500.jpg 500w, https:\/\/raybar.bardakcilargroup.com\/wp-content\/uploads\/2025\/10\/6-600x600.jpg 600w, https:\/\/raybar.bardakcilargroup.com\/wp-content\/uploads\/2025\/10\/6-100x100.jpg 100w\" sizes=\"(max-width: 1485px) 100vw, 1485px\" \/><\/a>\n\t\t\t<\/div><\/figure>\n\t\t<\/div>\n\t\t<\/div>\n\t\t\t\t\t\t<\/div>\n\t\t\t\t<\/div>\n\t\t\t\t\t<\/div>\n\t\t\t\t<\/div>\n\t\t\t\t<\/div>","protected":false},"excerpt":{"rendered":"<p>Raybar, demiryolu sekt\u00f6r\u00fcndeki teknik uzmanl\u0131\u011f\u0131, saha deneyimi y\u00fcksek ekibi ve yenilik\u00e7i yakla\u015f\u0131m\u0131yla; lokomotif, vagon, t\u00fcp ve t\u00fcnel hatlar\u0131, end\u00fcstriyel tesisler, istasyon altyap\u0131lar\u0131 ve trafo binalar\u0131nda bak\u0131m ve onar\u0131m hizmetleri sunmaktad\u0131r.Bak\u0131m Ar\u0131za Kontrol ve M\u00fcdahale Ekibimiz, sahada olu\u015fabilecek ar\u0131zalara h\u0131zl\u0131, etkin ve g\u00fcvenli \u00e7\u00f6z\u00fcmler \u00fcreterek sistemlerin kesintisiz \u00e7al\u0131\u015fmas\u0131n\u0131 sa\u011flar. Bunun yan\u0131nda yang\u0131n s\u00f6nd\u00fcrme sistemlerinin bak\u0131m, test&#8230;<\/p>","protected":false},"author":1,"featured_media":0,"parent":0,"menu_order":0,"comment_status":"closed","ping_status":"closed","template":"","meta":{"footnotes":""},"class_list":["post-13487","page","type-page","status-publish","hentry"],"_links":{"self":[{"href":"https:\/\/raybar.bardakcilargroup.com\/en\/wp-json\/wp\/v2\/pages\/13487","targetHints":{"allow":["GET"]}}],"collection":[{"href":"https:\/\/raybar.bardakcilargroup.com\/en\/wp-json\/wp\/v2\/pages"}],"about":[{"href":"https:\/\/raybar.bardakcilargroup.com\/en\/wp-json\/wp\/v2\/types\/page"}],"author":[{"embeddable":true,"href":"https:\/\/raybar.bardakcilargroup.com\/en\/wp-json\/wp\/v2\/users\/1"}],"replies":[{"embeddable":true,"href":"https:\/\/raybar.bardakcilargroup.com\/en\/wp-json\/wp\/v2\/comments?post=13487"}],"version-history":[{"count":13,"href":"https:\/\/raybar.bardakcilargroup.com\/en\/wp-json\/wp\/v2\/pages\/13487\/revisions"}],"predecessor-version":[{"id":14322,"href":"https:\/\/raybar.bardakcilargroup.com\/en\/wp-json\/wp\/v2\/pages\/13487\/revisions\/14322"}],"wp:attachment":[{"href":"https:\/\/raybar.bardakcilargroup.com\/en\/wp-json\/wp\/v2\/media?parent=13487"}],"curies":[{"name":"wp","href":"https:\/\/api.w.org\/{rel}","templated":true}]}}